{"id":13,"date":"2021-04-15T09:30:32","date_gmt":"2021-04-15T09:30:32","guid":{"rendered":"http:\/\/localhost:8888\/educato\/?page_id=13"},"modified":"2021-04-15T09:30:32","modified_gmt":"2021-04-15T09:30:32","slug":"our-team","status":"publish","type":"page","link":"https:\/\/colegioimaculadaiic.com.br\/index.php\/our-team\/","title":{"rendered":"Our Team"},"content":{"rendered":"\t\t<div data-elementor-type=\"wp-page\" data-elementor-id=\"13\" class=\"elementor elementor-13\">\n\t\t\t\t\t\t<section class=\"elementor-section elementor-top-section elementor-element elementor-element-a099c5e elementor-section-full_width elementor-section-height-default elementor-section-height-default\" data-id=\"a099c5e\" data-element_type=\"section\" data-settings=\"{&quot;background_background&quot;:&quot;classic&quot;}\">\n\t\t\t\t\t\t<div class=\"elementor-container elementor-column-gap-no\">\n\t\t\t\t\t<div class=\"elementor-column elementor-col-100 elementor-top-column elementor-element elementor-element-b200e27\" data-id=\"b200e27\" data-element_type=\"column\">\n\t\t\t<div class=\"elementor-widget-wrap elementor-element-populated\">\n\t\t\t\t\t\t<div class=\"elementor-element elementor-element-05a3b83 elementor-widget elementor-widget-Elementor-team-two\" data-id=\"05a3b83\" data-element_type=\"widget\" data-widget_type=\"Elementor-team-two.default\">\n\t\t\t\t<div class=\"elementor-widget-container\">\n\t\t\t\t\t\r\n\r\n\r\n\r\n<!-- team-area -->\r\n\r\n\r\n<section id=\"team\" class=\"team-area pt-120 pb-90\">             \r\n<div class=\"container\">   \r\n    <div class=\"row\">\r\n                \r\n        <div class=\"col-lg-3 col-md-6\">\r\n            <div class=\"single-team text-center mb-30 \">\r\n                <div class=\"team-thumb\">\r\n                  <div class=\"brd\">\r\n                                           <\/div>\r\n                <\/div>\r\n                <div class=\"team-info\">\r\n                     <h4><a href=\"https:\/\/colegioimaculadaiic.com.br\/index.php\/team\/sam-parker\/\">Sam Parker<\/a><\/h4>\r\n                    <span>\r\n                        Chief Secretary                    <\/span>\r\n                    <div class=\"team-social mt-20\">\r\n                          <a href=\"#\"><i class=\"fab fa-facebook-f\"><\/i><\/a>\n                                        <a href=\"#\"><i class=\"fab fa-twitter\"><\/i><\/a>\n                                        <a href=\"#\"><i class=\"fab fa-behance\"><\/i><\/a>                    <\/div>\r\n                <\/div>\r\n            <\/div>\r\n        <\/div>\r\n              \r\n        <div class=\"col-lg-3 col-md-6\">\r\n            <div class=\"single-team text-center mb-30 \">\r\n                <div class=\"team-thumb\">\r\n                  <div class=\"brd\">\r\n                                           <\/div>\r\n                <\/div>\r\n                <div class=\"team-info\">\r\n                     <h4><a href=\"https:\/\/colegioimaculadaiic.com.br\/index.php\/team\/mona-johnson\/\">Mona Johnson<\/a><\/h4>\r\n                    <span>\r\n                        Supervisor                    <\/span>\r\n                    <div class=\"team-social mt-20\">\r\n                          <a href=\"#\"><i class=\"fab fa-facebook-f\"><\/i><\/a>\n                                        <a href=\"#\"><i class=\"fab fa-twitter\"><\/i><\/a>\n                                        <a href=\"#\"><i class=\"fab fa-behance\"><\/i><\/a>                    <\/div>\r\n                <\/div>\r\n            <\/div>\r\n        <\/div>\r\n              \r\n        <div class=\"col-lg-3 col-md-6\">\r\n            <div class=\"single-team text-center mb-30 \">\r\n                <div class=\"team-thumb\">\r\n                  <div class=\"brd\">\r\n                                           <\/div>\r\n                <\/div>\r\n                <div class=\"team-info\">\r\n                     <h4><a href=\"https:\/\/colegioimaculadaiic.com.br\/index.php\/team\/johny-castle\/\">Johny Castle<\/a><\/h4>\r\n                    <span>\r\n                        Manager                    <\/span>\r\n                    <div class=\"team-social mt-20\">\r\n                          <a href=\"#\"><i class=\"fab fa-facebook-f\"><\/i><\/a>\n                                        <a href=\"#\"><i class=\"fab fa-twitter\"><\/i><\/a>\n                                        <a href=\"#\"><i class=\"fab fa-behance\"><\/i><\/a>                    <\/div>\r\n                <\/div>\r\n            <\/div>\r\n        <\/div>\r\n              \r\n        <div class=\"col-lg-3 col-md-6\">\r\n            <div class=\"single-team text-center mb-30 \">\r\n                <div class=\"team-thumb\">\r\n                  <div class=\"brd\">\r\n                                           <\/div>\r\n                <\/div>\r\n                <div class=\"team-info\">\r\n                     <h4><a href=\"https:\/\/colegioimaculadaiic.com.br\/index.php\/team\/sandy-jacob\/\">Sandy Jacob<\/a><\/h4>\r\n                    <span>\r\n                        Ex Trainer                    <\/span>\r\n                    <div class=\"team-social mt-20\">\r\n                          <a href=\"#\"><i class=\"fab fa-facebook-f\"><\/i><\/a>\n                                        <a href=\"#\"><i class=\"fab fa-twitter\"><\/i><\/a>\n                                        <a href=\"#\"><i class=\"fab fa-behance\"><\/i><\/a>                    <\/div>\r\n                <\/div>\r\n            <\/div>\r\n        <\/div>\r\n              \r\n        <div class=\"col-lg-3 col-md-6\">\r\n            <div class=\"single-team text-center mb-30 \">\r\n                <div class=\"team-thumb\">\r\n                  <div class=\"brd\">\r\n                                           <\/div>\r\n                <\/div>\r\n                <div class=\"team-info\">\r\n                     <h4><a href=\"https:\/\/colegioimaculadaiic.com.br\/index.php\/team\/simarn-sayyed\/\">Simarn Sayyed<\/a><\/h4>\r\n                    <span>\r\n                        Social Worker                    <\/span>\r\n                    <div class=\"team-social mt-20\">\r\n                          <a href=\"#\"><i class=\"fab fa-facebook-f\"><\/i><\/a>\n                                        <a href=\"#\"><i class=\"fab fa-twitter\"><\/i><\/a>\n                                        <a href=\"#\"><i class=\"fab fa-behance\"><\/i><\/a>                    <\/div>\r\n                <\/div>\r\n            <\/div>\r\n        <\/div>\r\n              \r\n        <div class=\"col-lg-3 col-md-6\">\r\n            <div class=\"single-team text-center mb-30 \">\r\n                <div class=\"team-thumb\">\r\n                  <div class=\"brd\">\r\n                                           <\/div>\r\n                <\/div>\r\n                <div class=\"team-info\">\r\n                     <h4><a href=\"https:\/\/colegioimaculadaiic.com.br\/index.php\/team\/rosalina-d-william\/\">Rosalina D. William<\/a><\/h4>\r\n                    <span>\r\n                        Founder                    <\/span>\r\n                    <div class=\"team-social mt-20\">\r\n                          <a href=\"#\"><i class=\"fab fa-facebook-f\"><\/i><\/a>\n                                        <a href=\"#\"><i class=\"fab fa-twitter\"><\/i><\/a>\n                                        <a href=\"#\"><i class=\"fab fa-behance\"><\/i><\/a>                    <\/div>\r\n                <\/div>\r\n            <\/div>\r\n        <\/div>\r\n              \r\n        <div class=\"col-lg-3 col-md-6\">\r\n            <div class=\"single-team text-center mb-30 \">\r\n                <div class=\"team-thumb\">\r\n                  <div class=\"brd\">\r\n                                           <\/div>\r\n                <\/div>\r\n                <div class=\"team-info\">\r\n                     <h4><a href=\"https:\/\/colegioimaculadaiic.com.br\/index.php\/team\/andrew-mathews\/\">Andrew Mathews<\/a><\/h4>\r\n                    <span>\r\n                        Staff Member                    <\/span>\r\n                    <div class=\"team-social mt-20\">\r\n                          <a href=\"#\"><i class=\"fab fa-facebook-f\"><\/i><\/a>\n                                        <a href=\"#\"><i class=\"fab fa-twitter\"><\/i><\/a>\n                                        <a href=\"#\"><i class=\"fab fa-behance\"><\/i><\/a>                    <\/div>\r\n                <\/div>\r\n            <\/div>\r\n        <\/div>\r\n              \r\n        <div class=\"col-lg-3 col-md-6\">\r\n            <div class=\"single-team text-center mb-30 \">\r\n                <div class=\"team-thumb\">\r\n                  <div class=\"brd\">\r\n                                           <\/div>\r\n                <\/div>\r\n                <div class=\"team-info\">\r\n                     <h4><a href=\"https:\/\/colegioimaculadaiic.com.br\/index.php\/team\/rock-alane\/\">Rock Alane<\/a><\/h4>\r\n                    <span>\r\n                        Ex Teacher                    <\/span>\r\n                    <div class=\"team-social mt-20\">\r\n                          <a href=\"#\"><i class=\"fab fa-facebook-f\"><\/i><\/a>\n                                        <a href=\"#\"><i class=\"fab fa-twitter\"><\/i><\/a>\n                                        <a href=\"#\"><i class=\"fab fa-behance\"><\/i><\/a>                    <\/div>\r\n                <\/div>\r\n            <\/div>\r\n        <\/div>\r\n         \r\n    <\/div>\r\n<\/div>\r\n<\/section>\r\n\r\n<!-- team-area-end -->   \t\t\t\t<\/div>\n\t\t\t\t<\/div>\n\t\t\t\t\t<\/div>\n\t\t<\/div>\n\t\t\t\t\t<\/div>\n\t\t<\/section>\n\t\t\t\t<\/div>\n\t\t","protected":false},"excerpt":{"rendered":"","protected":false},"author":1,"featured_media":0,"parent":0,"menu_order":0,"comment_status":"closed","ping_status":"closed","template":"inside.php","meta":{"_monsterinsights_skip_tracking":false,"_monsterinsights_sitenote_active":false,"_monsterinsights_sitenote_note":"","_monsterinsights_sitenote_category":0,"footnotes":""},"class_list":["post-13","page","type-page","status-publish","hentry"],"yoast_head":"<!-- This site is optimized with the Yoast SEO plugin v27.4 - https:\/\/yoast.com\/product\/yoast-seo-wordpress\/ -->\n<title>Our Team - Col\u00e9gio Imaculada Concei\u00e7\u00e3o<\/title>\n<meta name=\"robots\" content=\"index, follow, max-snippet:-1, max-image-preview:large, max-video-preview:-1\" \/>\n<link rel=\"canonical\" href=\"https:\/\/colegioimaculadaiic.com.br\/index.php\/our-team\/\" \/>\n<meta property=\"og:locale\" content=\"pt_BR\" \/>\n<meta property=\"og:type\" content=\"article\" \/>\n<meta property=\"og:title\" content=\"Our Team - Col\u00e9gio Imaculada Concei\u00e7\u00e3o\" \/>\n<meta property=\"og:url\" content=\"https:\/\/colegioimaculadaiic.com.br\/index.php\/our-team\/\" \/>\n<meta property=\"og:site_name\" content=\"Col\u00e9gio Imaculada Concei\u00e7\u00e3o\" \/>\n<meta property=\"article:publisher\" content=\"https:\/\/www.facebook.com\/institutoimaculadaconceicao\/?locale=pt_BR\" \/>\n<meta name=\"twitter:card\" content=\"summary_large_image\" \/>\n<script type=\"application\/ld+json\" class=\"yoast-schema-graph\">{\"@context\":\"https:\\\/\\\/schema.org\",\"@graph\":[{\"@type\":\"WebPage\",\"@id\":\"https:\\\/\\\/colegioimaculadaiic.com.br\\\/index.php\\\/our-team\\\/\",\"url\":\"https:\\\/\\\/colegioimaculadaiic.com.br\\\/index.php\\\/our-team\\\/\",\"name\":\"Our Team - Col\u00e9gio Imaculada Concei\u00e7\u00e3o\",\"isPartOf\":{\"@id\":\"https:\\\/\\\/colegioimaculadaiic.com.br\\\/#website\"},\"datePublished\":\"2021-04-15T09:30:32+00:00\",\"breadcrumb\":{\"@id\":\"https:\\\/\\\/colegioimaculadaiic.com.br\\\/index.php\\\/our-team\\\/#breadcrumb\"},\"inLanguage\":\"pt-BR\",\"potentialAction\":[{\"@type\":\"ReadAction\",\"target\":[\"https:\\\/\\\/colegioimaculadaiic.com.br\\\/index.php\\\/our-team\\\/\"]}]},{\"@type\":\"BreadcrumbList\",\"@id\":\"https:\\\/\\\/colegioimaculadaiic.com.br\\\/index.php\\\/our-team\\\/#breadcrumb\",\"itemListElement\":[{\"@type\":\"ListItem\",\"position\":1,\"name\":\"In\u00edcio\",\"item\":\"https:\\\/\\\/colegioimaculadaiic.com.br\\\/\"},{\"@type\":\"ListItem\",\"position\":2,\"name\":\"Our Team\"}]},{\"@type\":\"WebSite\",\"@id\":\"https:\\\/\\\/colegioimaculadaiic.com.br\\\/#website\",\"url\":\"https:\\\/\\\/colegioimaculadaiic.com.br\\\/\",\"name\":\"Col\u00e9gio Imaculada Concei\u00e7\u00e3o\",\"description\":\"\",\"publisher\":{\"@id\":\"https:\\\/\\\/colegioimaculadaiic.com.br\\\/#organization\"},\"potentialAction\":[{\"@type\":\"SearchAction\",\"target\":{\"@type\":\"EntryPoint\",\"urlTemplate\":\"https:\\\/\\\/colegioimaculadaiic.com.br\\\/?s={search_term_string}\"},\"query-input\":{\"@type\":\"PropertyValueSpecification\",\"valueRequired\":true,\"valueName\":\"search_term_string\"}}],\"inLanguage\":\"pt-BR\"},{\"@type\":\"Organization\",\"@id\":\"https:\\\/\\\/colegioimaculadaiic.com.br\\\/#organization\",\"name\":\"Col\u00e9gio Imaculada Concei\u00e7\u00e3o\",\"url\":\"https:\\\/\\\/colegioimaculadaiic.com.br\\\/\",\"logo\":{\"@type\":\"ImageObject\",\"inLanguage\":\"pt-BR\",\"@id\":\"https:\\\/\\\/colegioimaculadaiic.com.br\\\/#\\\/schema\\\/logo\\\/image\\\/\",\"url\":\"https:\\\/\\\/colegioimaculadaiic.com.br\\\/wp-content\\\/uploads\\\/2025\\\/11\\\/cropped-logo.jpg\",\"contentUrl\":\"https:\\\/\\\/colegioimaculadaiic.com.br\\\/wp-content\\\/uploads\\\/2025\\\/11\\\/cropped-logo.jpg\",\"width\":688,\"height\":688,\"caption\":\"Col\u00e9gio Imaculada Concei\u00e7\u00e3o\"},\"image\":{\"@id\":\"https:\\\/\\\/colegioimaculadaiic.com.br\\\/#\\\/schema\\\/logo\\\/image\\\/\"},\"sameAs\":[\"https:\\\/\\\/www.facebook.com\\\/institutoimaculadaconceicao\\\/?locale=pt_BR\",\"https:\\\/\\\/www.instagram.com\\\/institutoimaculadaconceicao\\\/\"]}]}<\/script>\n<!-- \/ Yoast SEO plugin. -->","yoast_head_json":{"title":"Our Team - Col\u00e9gio Imaculada Concei\u00e7\u00e3o","robots":{"index":"index","follow":"follow","max-snippet":"max-snippet:-1","max-image-preview":"max-image-preview:large","max-video-preview":"max-video-preview:-1"},"canonical":"https:\/\/colegioimaculadaiic.com.br\/index.php\/our-team\/","og_locale":"pt_BR","og_type":"article","og_title":"Our Team - Col\u00e9gio Imaculada Concei\u00e7\u00e3o","og_url":"https:\/\/colegioimaculadaiic.com.br\/index.php\/our-team\/","og_site_name":"Col\u00e9gio Imaculada Concei\u00e7\u00e3o","article_publisher":"https:\/\/www.facebook.com\/institutoimaculadaconceicao\/?locale=pt_BR","twitter_card":"summary_large_image","schema":{"@context":"https:\/\/schema.org","@graph":[{"@type":"WebPage","@id":"https:\/\/colegioimaculadaiic.com.br\/index.php\/our-team\/","url":"https:\/\/colegioimaculadaiic.com.br\/index.php\/our-team\/","name":"Our Team - Col\u00e9gio Imaculada Concei\u00e7\u00e3o","isPartOf":{"@id":"https:\/\/colegioimaculadaiic.com.br\/#website"},"datePublished":"2021-04-15T09:30:32+00:00","breadcrumb":{"@id":"https:\/\/colegioimaculadaiic.com.br\/index.php\/our-team\/#breadcrumb"},"inLanguage":"pt-BR","potentialAction":[{"@type":"ReadAction","target":["https:\/\/colegioimaculadaiic.com.br\/index.php\/our-team\/"]}]},{"@type":"BreadcrumbList","@id":"https:\/\/colegioimaculadaiic.com.br\/index.php\/our-team\/#breadcrumb","itemListElement":[{"@type":"ListItem","position":1,"name":"In\u00edcio","item":"https:\/\/colegioimaculadaiic.com.br\/"},{"@type":"ListItem","position":2,"name":"Our Team"}]},{"@type":"WebSite","@id":"https:\/\/colegioimaculadaiic.com.br\/#website","url":"https:\/\/colegioimaculadaiic.com.br\/","name":"Col\u00e9gio Imaculada Concei\u00e7\u00e3o","description":"","publisher":{"@id":"https:\/\/colegioimaculadaiic.com.br\/#organization"},"potentialAction":[{"@type":"SearchAction","target":{"@type":"EntryPoint","urlTemplate":"https:\/\/colegioimaculadaiic.com.br\/?s={search_term_string}"},"query-input":{"@type":"PropertyValueSpecification","valueRequired":true,"valueName":"search_term_string"}}],"inLanguage":"pt-BR"},{"@type":"Organization","@id":"https:\/\/colegioimaculadaiic.com.br\/#organization","name":"Col\u00e9gio Imaculada Concei\u00e7\u00e3o","url":"https:\/\/colegioimaculadaiic.com.br\/","logo":{"@type":"ImageObject","inLanguage":"pt-BR","@id":"https:\/\/colegioimaculadaiic.com.br\/#\/schema\/logo\/image\/","url":"https:\/\/colegioimaculadaiic.com.br\/wp-content\/uploads\/2025\/11\/cropped-logo.jpg","contentUrl":"https:\/\/colegioimaculadaiic.com.br\/wp-content\/uploads\/2025\/11\/cropped-logo.jpg","width":688,"height":688,"caption":"Col\u00e9gio Imaculada Concei\u00e7\u00e3o"},"image":{"@id":"https:\/\/colegioimaculadaiic.com.br\/#\/schema\/logo\/image\/"},"sameAs":["https:\/\/www.facebook.com\/institutoimaculadaconceicao\/?locale=pt_BR","https:\/\/www.instagram.com\/institutoimaculadaconceicao\/"]}]}},"_links":{"self":[{"href":"https:\/\/colegioimaculadaiic.com.br\/index.php\/wp-json\/wp\/v2\/pages\/13","targetHints":{"allow":["GET"]}}],"collection":[{"href":"https:\/\/colegioimaculadaiic.com.br\/index.php\/wp-json\/wp\/v2\/pages"}],"about":[{"href":"https:\/\/colegioimaculadaiic.com.br\/index.php\/wp-json\/wp\/v2\/types\/page"}],"author":[{"embeddable":true,"href":"https:\/\/colegioimaculadaiic.com.br\/index.php\/wp-json\/wp\/v2\/users\/1"}],"replies":[{"embeddable":true,"href":"https:\/\/colegioimaculadaiic.com.br\/index.php\/wp-json\/wp\/v2\/comments?post=13"}],"version-history":[{"count":0,"href":"https:\/\/colegioimaculadaiic.com.br\/index.php\/wp-json\/wp\/v2\/pages\/13\/revisions"}],"wp:attachment":[{"href":"https:\/\/colegioimaculadaiic.com.br\/index.php\/wp-json\/wp\/v2\/media?parent=13"}],"curies":[{"name":"wp","href":"https:\/\/api.w.org\/{rel}","templated":true}]}}