{"id":2756,"date":"2021-04-15T09:31:04","date_gmt":"2021-04-15T09:31:04","guid":{"rendered":"http:\/\/localhost:8888\/educato\/?page_id=15"},"modified":"2026-03-13T14:20:32","modified_gmt":"2026-03-13T14:20:32","slug":"perguntas-respostas","status":"publish","type":"page","link":"https:\/\/colegioimaculadaiic.com.br\/index.php\/perguntas-respostas\/","title":{"rendered":"Perguntas e Respostas"},"content":{"rendered":"\t\t<div data-elementor-type=\"wp-page\" data-elementor-id=\"2756\" class=\"elementor elementor-2756\">\n\t\t\t\t\t\t<section class=\"elementor-section elementor-top-section elementor-element elementor-element-d3a1398 elementor-section-full_width elementor-section-height-default elementor-section-height-default\" data-id=\"d3a1398\" data-element_type=\"section\">\n\t\t\t\t\t\t<div class=\"elementor-container elementor-column-gap-no\">\n\t\t\t\t\t<div class=\"elementor-column elementor-col-100 elementor-top-column elementor-element elementor-element-3eb0bfc\" data-id=\"3eb0bfc\" data-element_type=\"column\">\n\t\t\t<div class=\"elementor-widget-wrap elementor-element-populated\">\n\t\t\t\t\t\t<div class=\"elementor-element elementor-element-2950b65 elementor-widget elementor-widget-Elementor_faq\" data-id=\"2950b65\" data-element_type=\"widget\" data-widget_type=\"Elementor_faq.default\">\n\t\t\t\t<div class=\"elementor-widget-container\">\n\t\t\t\t\t\r\n\r\n  \r\n\r\n\r\n<!-- team-area -->\r\n\r\n\r\n<section id=\"faq\" class=\"faq-area pt-120 pb-100\">             \r\n    <div class=\"container\">   \r\n        <div class=\"row\">\r\n            <div class=\"col-lg-6 col-md-6\">\r\n                                      \r\n                <div class=\"faq-wrap\">\r\n                    <div class=\"accordion\" id=\"accordionExample\">\r\n                        <div class=\"card\">\r\n                            <div class=\"card-header\" id=\"headingOne\">\r\n                                <h2 class=\"mb-0\">\r\n                                    <button class=\"faq-btn collapsed\" type=\"button\" data-toggle=\"collapse\" data-target=\"#1\" aria-expanded=\"false\" aria-controls=\"1\">\r\n                                        A escola tem per\u00edodo integral?                                    <\/button>\r\n                                <\/h2>\r\n                            <\/div>\r\n                            <div id=\"1\" class=\"collapse\" aria-labelledby=\"headingOne\" data-parent=\"#accordionExample\" style=\"\">\r\n                                <div class=\"card-body\">\r\n                                   Sim. Oferecemos per\u00edodo integral do Ber\u00e7\u00e1rio ao 5\u00ba ano.                                <\/div>\r\n                            <\/div>\r\n                        <\/div>\r\n                    <\/div>\r\n                <\/div>\r\n                  \r\n                <div class=\"faq-wrap\">\r\n                    <div class=\"accordion\" id=\"accordionExample\">\r\n                        <div class=\"card\">\r\n                            <div class=\"card-header\" id=\"headingOne\">\r\n                                <h2 class=\"mb-0\">\r\n                                    <button class=\"faq-btn collapsed\" type=\"button\" data-toggle=\"collapse\" data-target=\"#2\" aria-expanded=\"false\" aria-controls=\"2\">\r\n                                        Quais s\u00e3o os hor\u00e1rios de entrada e sa\u00edda?                                    <\/button>\r\n                                <\/h2>\r\n                            <\/div>\r\n                            <div id=\"2\" class=\"collapse\" aria-labelledby=\"headingOne\" data-parent=\"#accordionExample\" style=\"\">\r\n                                <div class=\"card-body\">\r\n                                   1\u00ba ao 5\u00ba ano (per\u00edodo da tarde): das 13h \u00e0s 17h50\n<p>\n3\u00ba ao 5\u00ba ano (per\u00edodo da manh\u00e3): das 7h \u00e0s 12h<p>\n\n6\u00ba ao 9\u00ba ano: das 7h \u00e0s 12h, conforme o calend\u00e1rio escolar, com extens\u00e3o at\u00e9 12h40 em alguns dias da semana.<p>\n\n1\u00ba ao 3\u00ba ano do Ensino M\u00e9dio: das 7h \u00e0s 12h45\n                                <\/div>\r\n                            <\/div>\r\n                        <\/div>\r\n                    <\/div>\r\n                <\/div>\r\n                  \r\n                <div class=\"faq-wrap\">\r\n                    <div class=\"accordion\" id=\"accordionExample\">\r\n                        <div class=\"card\">\r\n                            <div class=\"card-header\" id=\"headingOne\">\r\n                                <h2 class=\"mb-0\">\r\n                                    <button class=\"faq-btn collapsed\" type=\"button\" data-toggle=\"collapse\" data-target=\"#3\" aria-expanded=\"false\" aria-controls=\"3\">\r\n                                        A escola oferece alimenta\u00e7\u00e3o?                                    <\/button>\r\n                                <\/h2>\r\n                            <\/div>\r\n                            <div id=\"3\" class=\"collapse\" aria-labelledby=\"headingOne\" data-parent=\"#accordionExample\" style=\"\">\r\n                                <div class=\"card-body\">\r\n                                   A escola n\u00e3o oferece alimenta\u00e7\u00e3o pr\u00f3pria, por\u00e9m contamos com cantina terceirizada, com card\u00e1pio variado e op\u00e7\u00f5es para todos os gostos.\n                                <\/div>\r\n                            <\/div>\r\n                        <\/div>\r\n                    <\/div>\r\n                <\/div>\r\n                  \r\n                <div class=\"faq-wrap\">\r\n                    <div class=\"accordion\" id=\"accordionExample\">\r\n                        <div class=\"card\">\r\n                            <div class=\"card-header\" id=\"headingOne\">\r\n                                <h2 class=\"mb-0\">\r\n                                    <button class=\"faq-btn collapsed\" type=\"button\" data-toggle=\"collapse\" data-target=\"#4\" aria-expanded=\"false\" aria-controls=\"4\">\r\n                                        A escola oferece aula de ingl\u00eas?                                    <\/button>\r\n                                <\/h2>\r\n                            <\/div>\r\n                            <div id=\"4\" class=\"collapse\" aria-labelledby=\"headingOne\" data-parent=\"#accordionExample\" style=\"\">\r\n                                <div class=\"card-body\">\r\n                                   Sim. Ingl\u00eas todos os dias, integrado \u00e0 rotina escolar.                                <\/div>\r\n                            <\/div>\r\n                        <\/div>\r\n                    <\/div>\r\n                <\/div>\r\n                  \r\n            <\/div>\r\n\r\n\r\n            <div class=\"col-lg-6 col-md-6\">\r\n                                                     <div class=\"faq-wrap\">\r\n                    <div class=\"accordion\" id=\"accordionExample1\">\r\n                        <div class=\"card\">\r\n                            <div class=\"card-header\" id=\"headingfive\">\r\n                                <h2 class=\"mb-0\">\r\n                                    <button class=\"faq-btn collapsed\" type=\"button\" data-toggle=\"collapse\" data-target=\"#6\" aria-expanded=\"false\" aria-controls=\"6\">\r\n                                       Como \u00e9 feita a comunica\u00e7\u00e3o com os pais?                                    <\/button>\r\n                                <\/h2>\r\n                            <\/div>\r\n                            <div id=\"6\" class=\"collapse\" aria-labelledby=\"headingfive\" data-parent=\"#accordionExample1\" style=\"\">\r\n                                <div class=\"card-body\">\r\n                                   Por meio do Aplicativo Polygonus, al\u00e9m de WhatsApp ou contato telef\u00f4nico, conforme a necessidade.                                <\/div>\r\n                            <\/div>\r\n                        <\/div>\r\n                    <\/div>\r\n                <\/div>\r\n                 \r\n            <\/div>\r\n        <\/div>\r\n    <\/div>\r\n<\/section>\r\n\r\n\r\n\r\n<!-- team-area-end -->   \t\t\t\t<\/div>\n\t\t\t\t<\/div>\n\t\t\t\t\t<\/div>\n\t\t<\/div>\n\t\t\t\t\t<\/div>\n\t\t<\/section>\n\t\t\t\t<\/div>\n\t\t","protected":false},"excerpt":{"rendered":"","protected":false},"author":1,"featured_media":0,"parent":0,"menu_order":0,"comment_status":"closed","ping_status":"closed","template":"inside.php","meta":{"_monsterinsights_skip_tracking":false,"_monsterinsights_sitenote_active":false,"_monsterinsights_sitenote_note":"","_monsterinsights_sitenote_category":0,"footnotes":""},"class_list":["post-2756","page","type-page","status-publish","hentry"],"yoast_head":"<!-- This site is optimized with the Yoast SEO plugin v27.4 - https:\/\/yoast.com\/product\/yoast-seo-wordpress\/ -->\n<title>Perguntas e Respostas - Col\u00e9gio Imaculada Concei\u00e7\u00e3o<\/title>\n<meta name=\"robots\" content=\"index, follow, max-snippet:-1, max-image-preview:large, max-video-preview:-1\" \/>\n<link rel=\"canonical\" href=\"https:\/\/colegioimaculadaiic.com.br\/index.php\/perguntas-respostas\/\" \/>\n<meta property=\"og:locale\" content=\"pt_BR\" \/>\n<meta property=\"og:type\" content=\"article\" \/>\n<meta property=\"og:title\" content=\"Perguntas e Respostas - Col\u00e9gio Imaculada Concei\u00e7\u00e3o\" \/>\n<meta property=\"og:url\" content=\"https:\/\/colegioimaculadaiic.com.br\/index.php\/perguntas-respostas\/\" \/>\n<meta property=\"og:site_name\" content=\"Col\u00e9gio Imaculada Concei\u00e7\u00e3o\" \/>\n<meta property=\"article:publisher\" content=\"https:\/\/www.facebook.com\/institutoimaculadaconceicao\/?locale=pt_BR\" \/>\n<meta property=\"article:modified_time\" content=\"2026-03-13T14:20:32+00:00\" \/>\n<meta name=\"twitter:card\" content=\"summary_large_image\" \/>\n<script type=\"application\/ld+json\" class=\"yoast-schema-graph\">{\"@context\":\"https:\\\/\\\/schema.org\",\"@graph\":[{\"@type\":\"WebPage\",\"@id\":\"https:\\\/\\\/colegioimaculadaiic.com.br\\\/index.php\\\/perguntas-respostas\\\/\",\"url\":\"https:\\\/\\\/colegioimaculadaiic.com.br\\\/index.php\\\/perguntas-respostas\\\/\",\"name\":\"Perguntas e Respostas - Col\u00e9gio Imaculada Concei\u00e7\u00e3o\",\"isPartOf\":{\"@id\":\"https:\\\/\\\/colegioimaculadaiic.com.br\\\/#website\"},\"datePublished\":\"2021-04-15T09:31:04+00:00\",\"dateModified\":\"2026-03-13T14:20:32+00:00\",\"breadcrumb\":{\"@id\":\"https:\\\/\\\/colegioimaculadaiic.com.br\\\/index.php\\\/perguntas-respostas\\\/#breadcrumb\"},\"inLanguage\":\"pt-BR\",\"potentialAction\":[{\"@type\":\"ReadAction\",\"target\":[\"https:\\\/\\\/colegioimaculadaiic.com.br\\\/index.php\\\/perguntas-respostas\\\/\"]}]},{\"@type\":\"BreadcrumbList\",\"@id\":\"https:\\\/\\\/colegioimaculadaiic.com.br\\\/index.php\\\/perguntas-respostas\\\/#breadcrumb\",\"itemListElement\":[{\"@type\":\"ListItem\",\"position\":1,\"name\":\"In\u00edcio\",\"item\":\"https:\\\/\\\/colegioimaculadaiic.com.br\\\/\"},{\"@type\":\"ListItem\",\"position\":2,\"name\":\"Perguntas e Respostas\"}]},{\"@type\":\"WebSite\",\"@id\":\"https:\\\/\\\/colegioimaculadaiic.com.br\\\/#website\",\"url\":\"https:\\\/\\\/colegioimaculadaiic.com.br\\\/\",\"name\":\"Col\u00e9gio Imaculada Concei\u00e7\u00e3o\",\"description\":\"\",\"publisher\":{\"@id\":\"https:\\\/\\\/colegioimaculadaiic.com.br\\\/#organization\"},\"potentialAction\":[{\"@type\":\"SearchAction\",\"target\":{\"@type\":\"EntryPoint\",\"urlTemplate\":\"https:\\\/\\\/colegioimaculadaiic.com.br\\\/?s={search_term_string}\"},\"query-input\":{\"@type\":\"PropertyValueSpecification\",\"valueRequired\":true,\"valueName\":\"search_term_string\"}}],\"inLanguage\":\"pt-BR\"},{\"@type\":\"Organization\",\"@id\":\"https:\\\/\\\/colegioimaculadaiic.com.br\\\/#organization\",\"name\":\"Col\u00e9gio Imaculada Concei\u00e7\u00e3o\",\"url\":\"https:\\\/\\\/colegioimaculadaiic.com.br\\\/\",\"logo\":{\"@type\":\"ImageObject\",\"inLanguage\":\"pt-BR\",\"@id\":\"https:\\\/\\\/colegioimaculadaiic.com.br\\\/#\\\/schema\\\/logo\\\/image\\\/\",\"url\":\"https:\\\/\\\/colegioimaculadaiic.com.br\\\/wp-content\\\/uploads\\\/2025\\\/11\\\/cropped-logo.jpg\",\"contentUrl\":\"https:\\\/\\\/colegioimaculadaiic.com.br\\\/wp-content\\\/uploads\\\/2025\\\/11\\\/cropped-logo.jpg\",\"width\":688,\"height\":688,\"caption\":\"Col\u00e9gio Imaculada Concei\u00e7\u00e3o\"},\"image\":{\"@id\":\"https:\\\/\\\/colegioimaculadaiic.com.br\\\/#\\\/schema\\\/logo\\\/image\\\/\"},\"sameAs\":[\"https:\\\/\\\/www.facebook.com\\\/institutoimaculadaconceicao\\\/?locale=pt_BR\",\"https:\\\/\\\/www.instagram.com\\\/institutoimaculadaconceicao\\\/\"]}]}<\/script>\n<!-- \/ Yoast SEO plugin. -->","yoast_head_json":{"title":"Perguntas e Respostas - Col\u00e9gio Imaculada Concei\u00e7\u00e3o","robots":{"index":"index","follow":"follow","max-snippet":"max-snippet:-1","max-image-preview":"max-image-preview:large","max-video-preview":"max-video-preview:-1"},"canonical":"https:\/\/colegioimaculadaiic.com.br\/index.php\/perguntas-respostas\/","og_locale":"pt_BR","og_type":"article","og_title":"Perguntas e Respostas - Col\u00e9gio Imaculada Concei\u00e7\u00e3o","og_url":"https:\/\/colegioimaculadaiic.com.br\/index.php\/perguntas-respostas\/","og_site_name":"Col\u00e9gio Imaculada Concei\u00e7\u00e3o","article_publisher":"https:\/\/www.facebook.com\/institutoimaculadaconceicao\/?locale=pt_BR","article_modified_time":"2026-03-13T14:20:32+00:00","twitter_card":"summary_large_image","schema":{"@context":"https:\/\/schema.org","@graph":[{"@type":"WebPage","@id":"https:\/\/colegioimaculadaiic.com.br\/index.php\/perguntas-respostas\/","url":"https:\/\/colegioimaculadaiic.com.br\/index.php\/perguntas-respostas\/","name":"Perguntas e Respostas - Col\u00e9gio Imaculada Concei\u00e7\u00e3o","isPartOf":{"@id":"https:\/\/colegioimaculadaiic.com.br\/#website"},"datePublished":"2021-04-15T09:31:04+00:00","dateModified":"2026-03-13T14:20:32+00:00","breadcrumb":{"@id":"https:\/\/colegioimaculadaiic.com.br\/index.php\/perguntas-respostas\/#breadcrumb"},"inLanguage":"pt-BR","potentialAction":[{"@type":"ReadAction","target":["https:\/\/colegioimaculadaiic.com.br\/index.php\/perguntas-respostas\/"]}]},{"@type":"BreadcrumbList","@id":"https:\/\/colegioimaculadaiic.com.br\/index.php\/perguntas-respostas\/#breadcrumb","itemListElement":[{"@type":"ListItem","position":1,"name":"In\u00edcio","item":"https:\/\/colegioimaculadaiic.com.br\/"},{"@type":"ListItem","position":2,"name":"Perguntas e Respostas"}]},{"@type":"WebSite","@id":"https:\/\/colegioimaculadaiic.com.br\/#website","url":"https:\/\/colegioimaculadaiic.com.br\/","name":"Col\u00e9gio Imaculada Concei\u00e7\u00e3o","description":"","publisher":{"@id":"https:\/\/colegioimaculadaiic.com.br\/#organization"},"potentialAction":[{"@type":"SearchAction","target":{"@type":"EntryPoint","urlTemplate":"https:\/\/colegioimaculadaiic.com.br\/?s={search_term_string}"},"query-input":{"@type":"PropertyValueSpecification","valueRequired":true,"valueName":"search_term_string"}}],"inLanguage":"pt-BR"},{"@type":"Organization","@id":"https:\/\/colegioimaculadaiic.com.br\/#organization","name":"Col\u00e9gio Imaculada Concei\u00e7\u00e3o","url":"https:\/\/colegioimaculadaiic.com.br\/","logo":{"@type":"ImageObject","inLanguage":"pt-BR","@id":"https:\/\/colegioimaculadaiic.com.br\/#\/schema\/logo\/image\/","url":"https:\/\/colegioimaculadaiic.com.br\/wp-content\/uploads\/2025\/11\/cropped-logo.jpg","contentUrl":"https:\/\/colegioimaculadaiic.com.br\/wp-content\/uploads\/2025\/11\/cropped-logo.jpg","width":688,"height":688,"caption":"Col\u00e9gio Imaculada Concei\u00e7\u00e3o"},"image":{"@id":"https:\/\/colegioimaculadaiic.com.br\/#\/schema\/logo\/image\/"},"sameAs":["https:\/\/www.facebook.com\/institutoimaculadaconceicao\/?locale=pt_BR","https:\/\/www.instagram.com\/institutoimaculadaconceicao\/"]}]}},"_links":{"self":[{"href":"https:\/\/colegioimaculadaiic.com.br\/index.php\/wp-json\/wp\/v2\/pages\/2756","targetHints":{"allow":["GET"]}}],"collection":[{"href":"https:\/\/colegioimaculadaiic.com.br\/index.php\/wp-json\/wp\/v2\/pages"}],"about":[{"href":"https:\/\/colegioimaculadaiic.com.br\/index.php\/wp-json\/wp\/v2\/types\/page"}],"author":[{"embeddable":true,"href":"https:\/\/colegioimaculadaiic.com.br\/index.php\/wp-json\/wp\/v2\/users\/1"}],"replies":[{"embeddable":true,"href":"https:\/\/colegioimaculadaiic.com.br\/index.php\/wp-json\/wp\/v2\/comments?post=2756"}],"version-history":[{"count":7,"href":"https:\/\/colegioimaculadaiic.com.br\/index.php\/wp-json\/wp\/v2\/pages\/2756\/revisions"}],"predecessor-version":[{"id":3261,"href":"https:\/\/colegioimaculadaiic.com.br\/index.php\/wp-json\/wp\/v2\/pages\/2756\/revisions\/3261"}],"wp:attachment":[{"href":"https:\/\/colegioimaculadaiic.com.br\/index.php\/wp-json\/wp\/v2\/media?parent=2756"}],"curies":[{"name":"wp","href":"https:\/\/api.w.org\/{rel}","templated":true}]}}